{"id":946,"date":"2024-10-16T12:08:28","date_gmt":"2024-10-16T10:08:28","guid":{"rendered":"https:\/\/www.arezulangnerholistichealth.com\/?page_id=946"},"modified":"2024-10-25T12:00:48","modified_gmt":"2024-10-25T10:00:48","slug":"cookie-policy","status":"publish","type":"page","link":"https:\/\/www.arezulangnerholistichealth.com\/en\/cookie-policy\/","title":{"rendered":"Cookie Policy"},"content":{"rendered":"\t\t<div data-elementor-type=\"wp-page\" data-elementor-id=\"946\" class=\"elementor elementor-946 elementor-25\" data-elementor-post-type=\"page\">\n\t\t\t\t<div class=\"elementor-element elementor-element-471b7f2 e-flex e-con-boxed e-con e-parent\" data-id=\"471b7f2\" data-element_type=\"container\">\n\t\t\t\t\t<div class=\"e-con-inner\">\n\t\t\t\t<div class=\"elementor-element elementor-element-9f8d6d3 elementor-widget elementor-widget-heading\" data-id=\"9f8d6d3\" data-element_type=\"widget\" data-widget_type=\"heading.default\">\n\t\t\t\t<div class=\"elementor-widget-container\">\n\t\t\t<h2 class=\"elementor-heading-title elementor-size-default\">Cookie Policy<\/h2>\t\t<\/div>\n\t\t\t\t<\/div>\n\t\t\t\t<div class=\"elementor-element elementor-element-eb0b4be elementor-widget elementor-widget-text-editor\" data-id=\"eb0b4be\" data-element_type=\"widget\" data-widget_type=\"text-editor.default\">\n\t\t\t\t<div class=\"elementor-widget-container\">\n\t\t\t\t\t\t\t<p>Cookies are small text files generated by websites you visit, which contain session data that may be useful later on the website. The data allows the website to maintain your information between pages, and also to analyze how you interact with the site. Cookies are safe because they can only store the information that was put there by the browser, which is information that the user has entered into the browser or that is included in the page request. They cannot execute code and cannot be used to access your computer.<\/p><p>Cookies are essential for the functioning of the Internet, providing countless advantages in the provision of interactive services, facilitating navigation and usability of the website. Cookies cannot harm your computer and their activation helps to identify and resolve errors.<\/p><p>Below, we provide more information to better understand the different types of cookies that can be used:<\/p><p>\u2013 Session cookies: These are temporary cookies that remain in the browser&#8217;s cookie file until the website is abandoned, so none are recorded on the user&#8217;s hard drive. The information obtained through these cookies is used to analyse traffic patterns on the website. In the long run, this allows for a better experience to be provided, improving content and making it easier to use.<\/p><p>\u2013 Permanent cookies: These are stored on the hard drive and are read by the website each time a new visit is made. Despite their name, a permanent website has a specific expiry date. The cookie will stop working after that date. They are generally used to facilitate the different services offered by websites.<\/p><p>Below, we publish a list of the main cookies used on our websites, distinguishing:<\/p><p>\u2013 Strictly necessary cookies, such as those used for correct navigation or those used to make payment for goods or services requested by the user or cookies used to ensure that the content of the website is loaded efficiently.<\/p><p>\u2013 Third-party cookies, such as those used by social networks or by external content plugins.<\/p><p>\u2013 Analytical cookies for periodic maintenance purposes and to ensure the best possible service to the user, with which websites collect statistical data on activity.<\/p><p>Additional guarantees. Cookie management:<\/p><p>Todos los navegadores de Internet permiten limitar el comportamiento de una cookie o desactivar las cookies dentro de la configuraci\u00f3n o las opciones del navegador. Los pasos para hacerlo son diferentes para cada navegador, pudi\u00e9ndose encontrar instrucciones en el men\u00fa de ayuda de tu navegador.<\/p><p>Many browsers allow you to activate a private mode whereby cookies are always deleted after your visit. Depending on the browser, this private mode may have different names. Below you can find a list of the most common browsers with a link to the cookie settings and the different names for this &#8220;private mode&#8221;:<\/p><ol><li aria-level=\"1\"><b>Internet Explorer 8<\/b> and above; Private Browsing<\/li><li aria-level=\"1\"><a href=\"http:\/\/windows.microsoft.com\/es-es\/windows-vista\/block-or-allow-cookies\">http:\/\/windows.microsoft.com\/es-es\/windows-vista\/block-or-allow-cookies<\/a><\/li><li aria-level=\"1\"><b>Safari 2<\/b> and above; Private Browsing<\/li><li aria-level=\"1\"><a href=\"http:\/\/support.apple.com\/kb\/ht1677?viewlocale=es_es&amp;locale=es_es\">http:\/\/support.apple.com\/kb\/ht1677?viewlocale=es_es&amp;locale=es_es<\/a><\/li><li aria-level=\"1\"><b>Opera 10.5<\/b> and above; Private Browsing<\/li><li aria-level=\"1\"><a href=\"http:\/\/help.opera.com\/Windows\/11.50\/es-ES\/cookies.html\">http:\/\/help.opera.com\/Windows\/11.50\/es-ES\/cookies.html<\/a><\/li><li aria-level=\"1\"><b>FireFox 3.5<\/b> and above; Private Browsing<\/li><li aria-level=\"1\"><a href=\"http:\/\/support.mozilla.org\/es\/kb\/habilitar-y-deshabilitar-cookies-que-los-sitios-we\">http:\/\/support.mozilla.org\/es\/kb\/habilitar-y-deshabilitar-cookies-que-los-sitios-we<\/a><\/li><li aria-level=\"1\"><b>Google Chrome 10 and <\/b>above; Private Browsing<\/li><li aria-level=\"1\"><a href=\"https:\/\/support.google.com\/chrome\/answer\/95647?hl=es\">https:\/\/support.google.com\/chrome\/answer\/95647?hl=es<\/a><\/li><\/ol><p>arezulangner.com may use cookies during the provision of services on the website. Cookies are physical files containing personal information stored on the user&#8217;s own terminal. The user has the option of configuring their browser to prevent the creation of cookie files or to warn of such creation.<\/p><p>If you choose to leave our website via links to websites not belonging to our entity, arezulangner.com will not be responsible for the privacy policies of said websites or for the cookies that they may store on the user&#8217;s computer.<\/p><p>Our policy regarding email focuses on sending only communications that you have requested to receive.<\/p><p>If you prefer not to receive these messages by email, we will offer you the possibility of exercising your right to cancel and opt out of receiving these messages, in accordance with the provisions of Title III, article 22 of Law 34\/2002 on Information Society Services and Electronic Commerce.<\/p><p>5. PROCEDURE IN CASE OF ILLEGAL ACTIVITIES<\/p><p>In the event that any user or third party considers that there are facts or circumstances that reveal the illegal nature of the use of any content and\/or the performance of any activity on the web pages included or accessible through the website, they must send a notification to arezu@gmx.net, duly identifying themselves, specifying the alleged infringements and expressly declaring and under their responsibility that the information provided in the notification is accurate.<\/p><p>For any contentious issue that concerns the arezulangner.com website, current Spanish legislation will apply.<\/p><p>6. PUBLICATIONS<\/p><p>The administrative information provided through the website does not replace the legal publicity of laws, regulations, plans, general provisions and acts that must be formally published in the official journals of public administrations, which constitute the only instrument that attests to their authenticity and content. The information available on this website should be understood as a guide without any legal validity.<\/p>\t\t\t\t\t\t<\/div>\n\t\t\t\t<\/div>\n\t\t\t\t\t<\/div>\n\t\t\t\t<\/div>\n\t\t\t\t<\/div>\n\t\t","protected":false},"excerpt":{"rendered":"<p>Cookie Policy Cookies are small text files generated by websites you visit, which contain session data that may be useful later on the website. The data allows the website to maintain your information between pages, and also to analyze how you interact with the site. Cookies are safe because they can only store the information [&hellip;]<\/p>\n","protected":false},"author":1,"featured_media":0,"parent":0,"menu_order":0,"comment_status":"closed","ping_status":"closed","template":"elementor_header_footer","meta":{"_joinchat":[],"footnotes":""},"class_list":["post-946","page","type-page","status-publish","hentry"],"yoast_head":"<!-- This site is optimized with the Yoast SEO Premium plugin v23.8 (Yoast SEO v23.9) - https:\/\/yoast.com\/wordpress\/plugins\/seo\/ -->\n<title>Cookie Policy - Arezu Langner Asistente personal<\/title>\n<meta name=\"robots\" content=\"index, follow, max-snippet:-1, max-image-preview:large, max-video-preview:-1\" \/>\n<link rel=\"canonical\" href=\"https:\/\/www.arezulangnerholistichealth.com\/en\/cookie-policy\/\" \/>\n<meta property=\"og:locale\" content=\"en_US\" \/>\n<meta property=\"og:type\" content=\"article\" \/>\n<meta property=\"og:title\" content=\"Cookie Policy\" \/>\n<meta property=\"og:description\" content=\"Cookie Policy Cookies are small text files generated by websites you visit, which contain session data that may be useful later on the website. The data allows the website to maintain your information between pages, and also to analyze how you interact with the site. Cookies are safe because they can only store the information [&hellip;]\" \/>\n<meta property=\"og:url\" content=\"https:\/\/www.arezulangnerholistichealth.com\/en\/cookie-policy\/\" \/>\n<meta property=\"og:site_name\" content=\"Arezu Langner Asistente personal\" \/>\n<meta property=\"article:modified_time\" content=\"2024-10-25T10:00:48+00:00\" \/>\n<meta name=\"twitter:card\" content=\"summary_large_image\" \/>\n<meta name=\"twitter:label1\" content=\"Est. reading time\" \/>\n\t<meta name=\"twitter:data1\" content=\"4 minutes\" \/>\n<script type=\"application\/ld+json\" class=\"yoast-schema-graph\">{\"@context\":\"https:\/\/schema.org\",\"@graph\":[{\"@type\":\"WebPage\",\"@id\":\"https:\/\/www.arezulangnerholistichealth.com\/en\/cookie-policy\/\",\"url\":\"https:\/\/www.arezulangnerholistichealth.com\/en\/cookie-policy\/\",\"name\":\"Cookie Policy - Arezu Langner Asistente personal\",\"isPartOf\":{\"@id\":\"https:\/\/www.arezulangnerholistichealth.com\/en\/#website\"},\"datePublished\":\"2024-10-16T10:08:28+00:00\",\"dateModified\":\"2024-10-25T10:00:48+00:00\",\"breadcrumb\":{\"@id\":\"https:\/\/www.arezulangnerholistichealth.com\/en\/cookie-policy\/#breadcrumb\"},\"inLanguage\":\"en-US\",\"potentialAction\":[{\"@type\":\"ReadAction\",\"target\":[\"https:\/\/www.arezulangnerholistichealth.com\/en\/cookie-policy\/\"]}]},{\"@type\":\"BreadcrumbList\",\"@id\":\"https:\/\/www.arezulangnerholistichealth.com\/en\/cookie-policy\/#breadcrumb\",\"itemListElement\":[{\"@type\":\"ListItem\",\"position\":1,\"name\":\"Portada\",\"item\":\"https:\/\/www.arezulangnerholistichealth.com\/en\/\"},{\"@type\":\"ListItem\",\"position\":2,\"name\":\"Cookie Policy\"}]},{\"@type\":\"WebSite\",\"@id\":\"https:\/\/www.arezulangnerholistichealth.com\/en\/#website\",\"url\":\"https:\/\/www.arezulangnerholistichealth.com\/en\/\",\"name\":\"Arezu Langner Asistente personal\",\"description\":\"Salud Hol\u00edstica\",\"potentialAction\":[{\"@type\":\"SearchAction\",\"target\":{\"@type\":\"EntryPoint\",\"urlTemplate\":\"https:\/\/www.arezulangnerholistichealth.com\/en\/?s={search_term_string}\"},\"query-input\":{\"@type\":\"PropertyValueSpecification\",\"valueRequired\":true,\"valueName\":\"search_term_string\"}}],\"inLanguage\":\"en-US\"}]}<\/script>\n<!-- \/ Yoast SEO Premium plugin. -->","yoast_head_json":{"title":"Cookie Policy - Arezu Langner Asistente personal","robots":{"index":"index","follow":"follow","max-snippet":"max-snippet:-1","max-image-preview":"max-image-preview:large","max-video-preview":"max-video-preview:-1"},"canonical":"https:\/\/www.arezulangnerholistichealth.com\/en\/cookie-policy\/","og_locale":"en_US","og_type":"article","og_title":"Cookie Policy","og_description":"Cookie Policy Cookies are small text files generated by websites you visit, which contain session data that may be useful later on the website. The data allows the website to maintain your information between pages, and also to analyze how you interact with the site. Cookies are safe because they can only store the information [&hellip;]","og_url":"https:\/\/www.arezulangnerholistichealth.com\/en\/cookie-policy\/","og_site_name":"Arezu Langner Asistente personal","article_modified_time":"2024-10-25T10:00:48+00:00","twitter_card":"summary_large_image","twitter_misc":{"Est. reading time":"4 minutes"},"schema":{"@context":"https:\/\/schema.org","@graph":[{"@type":"WebPage","@id":"https:\/\/www.arezulangnerholistichealth.com\/en\/cookie-policy\/","url":"https:\/\/www.arezulangnerholistichealth.com\/en\/cookie-policy\/","name":"Cookie Policy - Arezu Langner Asistente personal","isPartOf":{"@id":"https:\/\/www.arezulangnerholistichealth.com\/en\/#website"},"datePublished":"2024-10-16T10:08:28+00:00","dateModified":"2024-10-25T10:00:48+00:00","breadcrumb":{"@id":"https:\/\/www.arezulangnerholistichealth.com\/en\/cookie-policy\/#breadcrumb"},"inLanguage":"en-US","potentialAction":[{"@type":"ReadAction","target":["https:\/\/www.arezulangnerholistichealth.com\/en\/cookie-policy\/"]}]},{"@type":"BreadcrumbList","@id":"https:\/\/www.arezulangnerholistichealth.com\/en\/cookie-policy\/#breadcrumb","itemListElement":[{"@type":"ListItem","position":1,"name":"Portada","item":"https:\/\/www.arezulangnerholistichealth.com\/en\/"},{"@type":"ListItem","position":2,"name":"Cookie Policy"}]},{"@type":"WebSite","@id":"https:\/\/www.arezulangnerholistichealth.com\/en\/#website","url":"https:\/\/www.arezulangnerholistichealth.com\/en\/","name":"Arezu Langner Asistente personal","description":"Salud Hol\u00edstica","potentialAction":[{"@type":"SearchAction","target":{"@type":"EntryPoint","urlTemplate":"https:\/\/www.arezulangnerholistichealth.com\/en\/?s={search_term_string}"},"query-input":{"@type":"PropertyValueSpecification","valueRequired":true,"valueName":"search_term_string"}}],"inLanguage":"en-US"}]}},"_links":{"self":[{"href":"https:\/\/www.arezulangnerholistichealth.com\/en\/wp-json\/wp\/v2\/pages\/946","targetHints":{"allow":["GET"]}}],"collection":[{"href":"https:\/\/www.arezulangnerholistichealth.com\/en\/wp-json\/wp\/v2\/pages"}],"about":[{"href":"https:\/\/www.arezulangnerholistichealth.com\/en\/wp-json\/wp\/v2\/types\/page"}],"author":[{"embeddable":true,"href":"https:\/\/www.arezulangnerholistichealth.com\/en\/wp-json\/wp\/v2\/users\/1"}],"replies":[{"embeddable":true,"href":"https:\/\/www.arezulangnerholistichealth.com\/en\/wp-json\/wp\/v2\/comments?post=946"}],"version-history":[{"count":7,"href":"https:\/\/www.arezulangnerholistichealth.com\/en\/wp-json\/wp\/v2\/pages\/946\/revisions"}],"predecessor-version":[{"id":953,"href":"https:\/\/www.arezulangnerholistichealth.com\/en\/wp-json\/wp\/v2\/pages\/946\/revisions\/953"}],"wp:attachment":[{"href":"https:\/\/www.arezulangnerholistichealth.com\/en\/wp-json\/wp\/v2\/media?parent=946"}],"curies":[{"name":"wp","href":"https:\/\/api.w.org\/{rel}","templated":true}]}}